{"id":869,"date":"2016-02-08T23:26:50","date_gmt":"2016-02-09T04:26:50","guid":{"rendered":"https:\/\/montrealholotropic.com\/about-us-contact\/"},"modified":"2022-12-16T08:53:09","modified_gmt":"2022-12-16T13:53:09","slug":"contact","status":"publish","type":"page","link":"https:\/\/montrealholotropic.com\/en\/contact\/","title":{"rendered":"About us\/Contact"},"content":{"rendered":"<p><strong>Alain Menier<\/strong> got his certification as a <a href=\"http:\/\/www.holotropic.com\/holotropic-breathwork\/complete-certified-professional-list\/\" target=\"_blank\" rel=\"noopener\">holotropic breathwork facilitator<\/a> in 2011 and has since organized over 80 group workshops and worked with over a thousand participants. He has given conferences about the relatioship between the perinatal experience and the psyche, as well as about Stan Grof&#8217;s work. He was the coordinator for Montreal for various <a href=\"https:\/\/pubmed.ncbi.nlm.nih.gov\/33972795\/\" target=\"_blank\" rel=\"noopener\">studies<\/a> sponsored by <a href=\"https:\/\/maps.org\" target=\"_blank\" rel=\"noopener\">MAPS<\/a> between 2017 and 2022. Since 2021, he contributes with <a href=\"https:\/\/therapsil.ca\" target=\"_blank\" rel=\"noopener\">Therapsil<\/a> for their therapists training and act as a consultant for <a href=\"https:\/\/numinus.com\" target=\"_blank\" rel=\"noopener\">Numinus<\/a>. He has a lifelong passion for music. Since the Fall of 2022, Alain joined the faculty for <a href=\"https:\/\/grof-legacy-training.ca\/faculty\/\" target=\"_blank\" rel=\"noopener\">Grof Legacy Training Canada<\/a>, who offers trainings in Grof Breathwork and psychedelic therapy.<\/p>\n<p><strong>Isabelle Cl\u00e9ment<\/strong> has followed Grof Transpersonal Training between 2008 and 2011 and has assisted in workshops with Alain since. She completed the first two years of traning with CRAM (Centre de relation d&#8217;aide de Montr\u00e9al). In her early fifties, she went back to school to study ceramics. She uses this craft to explore creation and meditation. Her maternal and reassuring presence are always deeply appreciated during workshops.<\/p>\n<p><b><span lang=\"EN-US\">Maybel Gelly<\/span><\/b><span lang=\"EN-US\">\u00a0started practicing Holotropic Breathwork in 2011 and became a certified facilitator from <a href=\"http:\/\/www.holotropic.com\/\" target=\"_blank\" rel=\"noopener noreferrer\">GTT<\/a> in 2016. Since then, she has facilitated workshops in Montreal and Gatineau.<\/span> She now leads workshops in Quebec City with Alain. <span lang=\"FR\">She will complete her Master&#8217;s degree in Social Sciences in 2023. She joined\u00a0 <a href=\"https:\/\/grof-legacy-training.ca\/\" target=\"_blank\" rel=\"noopener\">Grof Legacy Training&#8217;s<\/a> team late 2022.<\/span><\/p>\n<p><strong>Philippe Levesque<\/strong> has been working as a psychotherapist for over 30 years and he is a registered member of SQPP (Soci\u00e9t\u00e9 qu\u00e9b\u00e9coise des psychoth\u00e9rapeutes professionnels).\u00a0He was certified as a Holotropic Breathwork facilitator <span lang=\"EN-US\">with\u00a0<a href=\"http:\/\/www.holotropic.com\/\" target=\"_blank\" rel=\"noopener noreferrer\">GTT<\/a>\u00a0<\/span>in 1991.<\/p>\n<p>GUESTS<\/p>\n<p><b><span lang=\"EN-US\">Robert D\u00e9carie<\/span><\/b><span lang=\"EN-US\">\u00a0started practicing Holotropic Breathwork and his training to become a certified facilitator in 2008. He is certified with\u00a0<a href=\"http:\/\/www.holotropic.com\/\" target=\"_blank\" rel=\"noopener noreferrer\">GTT<\/a>\u00a0and facilitates HB workshops in Gatineau since 2015. He is also a counselor working with adults, couples and people grieving after a loss. <a href=\"https:\/\/ottawaholotropic.ca\/en\/\" target=\"_blank\" rel=\"noopener\">Click here to visit the Ottawa Holotropic Web site<\/a>.<\/span><b><\/b><\/p>\n<p><strong>If you want to contact us, please fill the form below:<\/strong><\/p>\n\n<div class=\"wpcf7 no-js\" id=\"wpcf7-f33-o1\" lang=\"fr-FR\" dir=\"ltr\" data-wpcf7-id=\"33\">\n<div class=\"screen-reader-response\"><p role=\"status\" aria-live=\"polite\" aria-atomic=\"true\"><\/p> <ul><\/ul><\/div>\n<form action=\"\/en\/wp-json\/wp\/v2\/pages\/869#wpcf7-f33-o1\" method=\"post\" class=\"wpcf7-form init\" aria-label=\"Formulaire de contact\" novalidate=\"novalidate\" data-status=\"init\">\n<fieldset class=\"hidden-fields-container\"><input type=\"hidden\" name=\"_wpcf7\" value=\"33\" \/><input type=\"hidden\" name=\"_wpcf7_version\" value=\"6.1.5\" \/><input type=\"hidden\" name=\"_wpcf7_locale\" value=\"fr_FR\" \/><input type=\"hidden\" name=\"_wpcf7_unit_tag\" value=\"wpcf7-f33-o1\" \/><input type=\"hidden\" name=\"_wpcf7_container_post\" value=\"0\" \/><input type=\"hidden\" name=\"_wpcf7_posted_data_hash\" value=\"\" \/><input type=\"hidden\" name=\"_wpcf7_recaptcha_response\" value=\"\" \/>\n<\/fieldset>\n<p>Your Name (required)\n<\/p>\n<p><span class=\"wpcf7-form-control-wrap\" data-name=\"your-name\"><input size=\"40\" maxlength=\"400\" class=\"wpcf7-form-control wpcf7-text wpcf7-validates-as-required\" aria-required=\"true\" aria-invalid=\"false\" value=\"\" type=\"text\" name=\"your-name\" \/><\/span>\n<\/p>\n<p>Your Email (required)\n<\/p>\n<p><span class=\"wpcf7-form-control-wrap\" data-name=\"your-email\"><input size=\"40\" maxlength=\"400\" class=\"wpcf7-form-control wpcf7-email wpcf7-validates-as-required wpcf7-text wpcf7-validates-as-email\" aria-required=\"true\" aria-invalid=\"false\" value=\"\" type=\"email\" name=\"your-email\" \/><\/span>\n<\/p>\n<p>Subject\n<\/p>\n<p><span class=\"wpcf7-form-control-wrap\" data-name=\"your-subject\"><input size=\"40\" maxlength=\"400\" class=\"wpcf7-form-control wpcf7-text\" aria-invalid=\"false\" value=\"\" type=\"text\" name=\"your-subject\" \/><\/span>\n<\/p>\n<p>Your Message\n<\/p>\n<p><span class=\"wpcf7-form-control-wrap\" data-name=\"your-message\"><textarea cols=\"40\" rows=\"10\" maxlength=\"2000\" class=\"wpcf7-form-control wpcf7-textarea\" aria-invalid=\"false\" name=\"your-message\"><\/textarea><\/span>\n<\/p>\n<p><span class=\"wpcf7-form-control-wrap\" data-name=\"quiz-150\"><label><span class=\"wpcf7-quiz-label\">13 - 6 = ?<\/span> <input size=\"40\" class=\"wpcf7-form-control wpcf7-quiz\" autocomplete=\"off\" aria-required=\"true\" aria-invalid=\"false\" type=\"text\" name=\"quiz-150\" \/><\/label><input type=\"hidden\" name=\"_wpcf7_quiz_answer_quiz-150\" value=\"942080dbb5f8bc4b24419763e7e76e88\" \/><\/span>\n<\/p>\n<p><input class=\"wpcf7-form-control wpcf7-submit has-spinner\" type=\"submit\" value=\"Send\" \/>\n<\/p><p style=\"display: none !important;\" class=\"akismet-fields-container\" data-prefix=\"_wpcf7_ak_\"><label>&#916;<textarea name=\"_wpcf7_ak_hp_textarea\" cols=\"45\" rows=\"8\" maxlength=\"100\"><\/textarea><\/label><input type=\"hidden\" id=\"ak_js_1\" name=\"_wpcf7_ak_js\" value=\"121\"\/><script>\ndocument.getElementById( \"ak_js_1\" ).setAttribute( \"value\", ( new Date() ).getTime() );\n<\/script>\n<\/p><div class=\"wpcf7-response-output\" aria-hidden=\"true\"><\/div>\n<\/form>\n<\/div>\n\n","protected":false},"excerpt":{"rendered":"<p>Alain Menier got his certification as a holotropic breathwork facilitator in 2011 and has since organized over 80 group workshops and worked with over a thousand participants. He has given conferences about the relatioship between the perinatal experience and the psyche, as well as about Stan Grof&#8217;s work. He was the coordinator for Montreal for [&hellip;]<\/p>\n","protected":false},"author":2,"featured_media":0,"parent":0,"menu_order":0,"comment_status":"closed","ping_status":"closed","template":"","meta":{"footnotes":""},"class_list":["post-869","page","type-page","status-publish","hentry"],"_links":{"self":[{"href":"https:\/\/montrealholotropic.com\/en\/wp-json\/wp\/v2\/pages\/869","targetHints":{"allow":["GET"]}}],"collection":[{"href":"https:\/\/montrealholotropic.com\/en\/wp-json\/wp\/v2\/pages"}],"about":[{"href":"https:\/\/montrealholotropic.com\/en\/wp-json\/wp\/v2\/types\/page"}],"author":[{"embeddable":true,"href":"https:\/\/montrealholotropic.com\/en\/wp-json\/wp\/v2\/users\/2"}],"replies":[{"embeddable":true,"href":"https:\/\/montrealholotropic.com\/en\/wp-json\/wp\/v2\/comments?post=869"}],"version-history":[{"count":0,"href":"https:\/\/montrealholotropic.com\/en\/wp-json\/wp\/v2\/pages\/869\/revisions"}],"wp:attachment":[{"href":"https:\/\/montrealholotropic.com\/en\/wp-json\/wp\/v2\/media?parent=869"}],"curies":[{"name":"wp","href":"https:\/\/api.w.org\/{rel}","templated":true}]}}